{"id":1003,"date":"2018-08-28T11:11:39","date_gmt":"2018-08-28T10:11:39","guid":{"rendered":"https:\/\/2018.wuerzburg.wordcamp.org\/?page_id=1003"},"modified":"2018-09-03T09:41:17","modified_gmt":"2018-09-03T08:41:17","slug":"banner","status":"publish","type":"page","link":"https:\/\/wuerzburg.wordcamp.org\/2018\/teilnehmende\/banner\/","title":{"rendered":"Banner"},"content":{"rendered":"<p style=\"text-align: left\">Zeigt, dass Ihr dabei seid! Wir haben Banner f\u00fcr Euch, die Ihr auf Eure Webseite packen k\u00f6nnt und die ihr in Euren Tweets und anderen social media Nachrichten verbreiten d\u00fcrft.\u00a0\u00a0<\/p>\n<p>&nbsp;<\/p>\n<p style=\"text-align: center\"><a href=\"https:\/\/2018.wuerzburg.wordcamp.org\/files\/2018\/09\/WordCamp-Wuerzburg-2018-Banner_quadrat_dabei.png\"><img loading=\"lazy\" decoding=\"async\" src=\"https:\/\/2018.wuerzburg.wordcamp.org\/files\/2018\/09\/WordCamp-Wuerzburg-2018-Banner_quadrat_dabei.png\" alt=\"\" width=\"400\" height=\"400\" class=\"aligncenter size-full wp-image-1053\" srcset=\"https:\/\/wuerzburg.wordcamp.org\/2018\/files\/2018\/09\/WordCamp-Wuerzburg-2018-Banner_quadrat_dabei.png 400w, https:\/\/wuerzburg.wordcamp.org\/2018\/files\/2018\/09\/WordCamp-Wuerzburg-2018-Banner_quadrat_dabei-150x150.png 150w, https:\/\/wuerzburg.wordcamp.org\/2018\/files\/2018\/09\/WordCamp-Wuerzburg-2018-Banner_quadrat_dabei-300x300.png 300w\" sizes=\"auto, (max-width: 400px) 100vw, 400px\" \/><\/a><a href=\"https:\/\/2018.wuerzburg.wordcamp.org\/files\/2018\/08\/WCWue-ich-bin-dabei.png\"><img loading=\"lazy\" decoding=\"async\" class=\"wp-image-1004 size-full aligncenter\" src=\"https:\/\/2018.wuerzburg.wordcamp.org\/files\/2018\/08\/WCWue-ich-bin-dabei.png\" alt=\"\" width=\"486\" height=\"60\" srcset=\"https:\/\/wuerzburg.wordcamp.org\/2018\/files\/2018\/08\/WCWue-ich-bin-dabei.png 486w, https:\/\/wuerzburg.wordcamp.org\/2018\/files\/2018\/08\/WCWue-ich-bin-dabei-300x37.png 300w\" sizes=\"auto, (max-width: 486px) 100vw, 486px\" \/><\/a><\/p>\n<p>&nbsp;<\/p>\n<p style=\"text-align: center\"><a href=\"https:\/\/2018.wuerzburg.wordcamp.org\/files\/2018\/09\/WordCamp-Wuerzburg-2018-Banner_quadrat_Volunteer.png\"><img loading=\"lazy\" decoding=\"async\" class=\"size-full wp-image-1055 aligncenter\" src=\"https:\/\/2018.wuerzburg.wordcamp.org\/files\/2018\/09\/WordCamp-Wuerzburg-2018-Banner_quadrat_Volunteer.png\" alt=\"\" width=\"400\" height=\"400\" srcset=\"https:\/\/wuerzburg.wordcamp.org\/2018\/files\/2018\/09\/WordCamp-Wuerzburg-2018-Banner_quadrat_Volunteer.png 400w, https:\/\/wuerzburg.wordcamp.org\/2018\/files\/2018\/09\/WordCamp-Wuerzburg-2018-Banner_quadrat_Volunteer-150x150.png 150w, https:\/\/wuerzburg.wordcamp.org\/2018\/files\/2018\/09\/WordCamp-Wuerzburg-2018-Banner_quadrat_Volunteer-300x300.png 300w\" sizes=\"auto, (max-width: 400px) 100vw, 400px\" \/><\/a><a href=\"https:\/\/2018.wuerzburg.wordcamp.org\/files\/2018\/08\/WCWue-ich-bin-Volunteer.png\"><img loading=\"lazy\" decoding=\"async\" class=\"wp-image-1006 size-full aligncenter\" src=\"https:\/\/2018.wuerzburg.wordcamp.org\/files\/2018\/08\/WCWue-ich-bin-Volunteer.png\" alt=\"\" width=\"486\" height=\"60\" srcset=\"https:\/\/wuerzburg.wordcamp.org\/2018\/files\/2018\/08\/WCWue-ich-bin-Volunteer.png 486w, https:\/\/wuerzburg.wordcamp.org\/2018\/files\/2018\/08\/WCWue-ich-bin-Volunteer-300x37.png 300w\" sizes=\"auto, (max-width: 486px) 100vw, 486px\" \/><\/a><\/p>\n<p>&nbsp;<\/p>\n<p style=\"text-align: center\"><a href=\"https:\/\/2018.wuerzburg.wordcamp.org\/files\/2018\/09\/WordCamp-Wuerzburg-2018-Banner_quadrat_Ich_Sponsor.png\"><img loading=\"lazy\" decoding=\"async\" class=\"size-full wp-image-1054 aligncenter\" src=\"https:\/\/2018.wuerzburg.wordcamp.org\/files\/2018\/09\/WordCamp-Wuerzburg-2018-Banner_quadrat_Ich_Sponsor.png\" alt=\"\" width=\"400\" height=\"400\" srcset=\"https:\/\/wuerzburg.wordcamp.org\/2018\/files\/2018\/09\/WordCamp-Wuerzburg-2018-Banner_quadrat_Ich_Sponsor.png 400w, https:\/\/wuerzburg.wordcamp.org\/2018\/files\/2018\/09\/WordCamp-Wuerzburg-2018-Banner_quadrat_Ich_Sponsor-150x150.png 150w, https:\/\/wuerzburg.wordcamp.org\/2018\/files\/2018\/09\/WordCamp-Wuerzburg-2018-Banner_quadrat_Ich_Sponsor-300x300.png 300w\" sizes=\"auto, (max-width: 400px) 100vw, 400px\" \/><\/a><a href=\"https:\/\/2018.wuerzburg.wordcamp.org\/files\/2018\/08\/WCWue-ich-bin-Sponsor.png\"><img loading=\"lazy\" decoding=\"async\" class=\"wp-image-1005 size-full aligncenter\" src=\"https:\/\/2018.wuerzburg.wordcamp.org\/files\/2018\/08\/WCWue-ich-bin-Sponsor.png\" alt=\"\" width=\"486\" height=\"60\" srcset=\"https:\/\/wuerzburg.wordcamp.org\/2018\/files\/2018\/08\/WCWue-ich-bin-Sponsor.png 486w, https:\/\/wuerzburg.wordcamp.org\/2018\/files\/2018\/08\/WCWue-ich-bin-Sponsor-300x37.png 300w\" sizes=\"auto, (max-width: 486px) 100vw, 486px\" \/><\/a><\/p>\n<p>&nbsp;<\/p>\n<p style=\"text-align: center\"><a href=\"https:\/\/2018.wuerzburg.wordcamp.org\/files\/2018\/09\/WordCamp-Wuerzburg-2018-Banner_quadrat_Wir_Sponsor.png\"><img loading=\"lazy\" decoding=\"async\" class=\"size-full wp-image-1056 aligncenter\" src=\"https:\/\/2018.wuerzburg.wordcamp.org\/files\/2018\/09\/WordCamp-Wuerzburg-2018-Banner_quadrat_Wir_Sponsor.png\" alt=\"\" width=\"400\" height=\"400\" srcset=\"https:\/\/wuerzburg.wordcamp.org\/2018\/files\/2018\/09\/WordCamp-Wuerzburg-2018-Banner_quadrat_Wir_Sponsor.png 400w, https:\/\/wuerzburg.wordcamp.org\/2018\/files\/2018\/09\/WordCamp-Wuerzburg-2018-Banner_quadrat_Wir_Sponsor-150x150.png 150w, https:\/\/wuerzburg.wordcamp.org\/2018\/files\/2018\/09\/WordCamp-Wuerzburg-2018-Banner_quadrat_Wir_Sponsor-300x300.png 300w\" sizes=\"auto, (max-width: 400px) 100vw, 400px\" \/><\/a><a href=\"https:\/\/2018.wuerzburg.wordcamp.org\/files\/2018\/08\/WCWue-wir-sind-Sponsor.png\"><img loading=\"lazy\" decoding=\"async\" class=\"wp-image-1007 size-full aligncenter\" src=\"https:\/\/2018.wuerzburg.wordcamp.org\/files\/2018\/08\/WCWue-wir-sind-Sponsor.png\" alt=\"\" width=\"486\" height=\"60\" srcset=\"https:\/\/wuerzburg.wordcamp.org\/2018\/files\/2018\/08\/WCWue-wir-sind-Sponsor.png 486w, https:\/\/wuerzburg.wordcamp.org\/2018\/files\/2018\/08\/WCWue-wir-sind-Sponsor-300x37.png 300w\" sizes=\"auto, (max-width: 486px) 100vw, 486px\" \/><\/a><\/p>\n","protected":false},"excerpt":{"rendered":"<p>Zeigt, dass Ihr dabei seid! Wir haben Banner f\u00fcr Euch, die Ihr auf Eure Webseite packen k\u00f6nnt und die ihr in Euren Tweets und anderen social media Nachrichten verbreiten d\u00fcrft.\u00a0\u00a0 &nbsp; &nbsp; &nbsp; &nbsp;<\/p>\n","protected":false},"author":8858106,"featured_media":0,"parent":14,"menu_order":0,"comment_status":"closed","ping_status":"closed","template":"","meta":{"jetpack_post_was_ever_published":false,"footnotes":""},"class_list":["post-1003","page","type-page","status-publish","hentry"],"jetpack_sharing_enabled":true,"jetpack_shortlink":"https:\/\/wp.me\/P9nRwW-gb","_links":{"self":[{"href":"https:\/\/wuerzburg.wordcamp.org\/2018\/wp-json\/wp\/v2\/pages\/1003","targetHints":{"allow":["GET"]}}],"collection":[{"href":"https:\/\/wuerzburg.wordcamp.org\/2018\/wp-json\/wp\/v2\/pages"}],"about":[{"href":"https:\/\/wuerzburg.wordcamp.org\/2018\/wp-json\/wp\/v2\/types\/page"}],"author":[{"embeddable":true,"href":"https:\/\/wuerzburg.wordcamp.org\/2018\/wp-json\/wp\/v2\/users\/8858106"}],"replies":[{"embeddable":true,"href":"https:\/\/wuerzburg.wordcamp.org\/2018\/wp-json\/wp\/v2\/comments?post=1003"}],"version-history":[{"count":10,"href":"https:\/\/wuerzburg.wordcamp.org\/2018\/wp-json\/wp\/v2\/pages\/1003\/revisions"}],"predecessor-version":[{"id":1064,"href":"https:\/\/wuerzburg.wordcamp.org\/2018\/wp-json\/wp\/v2\/pages\/1003\/revisions\/1064"}],"up":[{"embeddable":true,"href":"https:\/\/wuerzburg.wordcamp.org\/2018\/wp-json\/wp\/v2\/pages\/14"}],"wp:attachment":[{"href":"https:\/\/wuerzburg.wordcamp.org\/2018\/wp-json\/wp\/v2\/media?parent=1003"}],"curies":[{"name":"wp","href":"https:\/\/api.w.org\/{rel}","templated":true}]}}