{"id":11,"date":"2017-11-15T08:28:33","date_gmt":"2017-11-15T08:28:33","guid":{"rendered":"https:\/\/2018.wuerzburg.wordcamp.org\/location\/"},"modified":"2018-09-17T16:43:42","modified_gmt":"2018-09-17T15:43:42","slug":"location","status":"publish","type":"page","link":"https:\/\/wuerzburg.wordcamp.org\/2018\/info\/location\/","title":{"rendered":"Location"},"content":{"rendered":"<h3>Sowohl der Contributor Day am Freitag 21.9. als auch das WordCamp am Samstag 22.9. finden hier statt:<\/h3>\n<p><a href=\"http:\/\/www.uni-wuerzburg.de\/\">Julius-Maximilians-Universit\u00e4t W\u00fcrzburg <\/a><br \/>\nZentrales H\u00f6rsaal- und Seminargeb\u00e4ude\u00a0Z6<br \/>\nAm Hubland<br \/>\n97074 W\u00fcrzburg<\/p>\n<p class=\"jetpack-slideshow-noscript robots-nocontent\">Diese Diashow ben\u00f6tigt JavaScript.<\/p><div id=\"gallery-11-1-slideshow\" class=\"jetpack-slideshow-window jetpack-slideshow jetpack-slideshow-black\" data-trans=\"fade\" data-autostart=\"1\" data-gallery=\"[{&quot;src&quot;:&quot;https:\\\/\\\/wuerzburg.wordcamp.org\\\/2018\\\/files\\\/2018\\\/05\\\/IMG_1619.jpg&quot;,&quot;id&quot;:&quot;515&quot;,&quot;title&quot;:&quot;IMG_1619&quot;,&quot;alt&quot;:&quot;&quot;,&quot;caption&quot;:&quot;&quot;,&quot;itemprop&quot;:&quot;image&quot;},{&quot;src&quot;:&quot;https:\\\/\\\/wuerzburg.wordcamp.org\\\/2018\\\/files\\\/2018\\\/05\\\/IMG_1620-e1526636954132.jpg&quot;,&quot;id&quot;:&quot;516&quot;,&quot;title&quot;:&quot;IMG_1620&quot;,&quot;alt&quot;:&quot;&quot;,&quot;caption&quot;:&quot;&quot;,&quot;itemprop&quot;:&quot;image&quot;},{&quot;src&quot;:&quot;https:\\\/\\\/wuerzburg.wordcamp.org\\\/2018\\\/files\\\/2018\\\/05\\\/IMG_1633.jpg&quot;,&quot;id&quot;:&quot;517&quot;,&quot;title&quot;:&quot;IMG_1633&quot;,&quot;alt&quot;:&quot;&quot;,&quot;caption&quot;:&quot;&quot;,&quot;itemprop&quot;:&quot;image&quot;}]\" itemscope itemtype=\"https:\/\/schema.org\/ImageGallery\"><\/div>\n<p>Achtung, W\u00fcrzburg hat drei Universit\u00e4tsgel\u00e4nde, n\u00e4mlich die Alte Uni, die Neue Uni und die Hubland-Uni. Ihr m\u00fcsst zur <strong>Hubland-Uni<\/strong>.<\/p>\n<h3>Anreise mit dem \u00d6PNV<\/h3>\n<p>Mit der Bahn zum W\u00fcrzburger Hauptbahnhof. Dann ab W\u00fcrzburg Hauptbahnhof mit der Buslinie 14, 144 oder 214 zum Campus Hubland S\u00fcd.<\/p>\n<ul>\n<li>Linie 14: Ausstieg Haltestelle <em>Am Hubland<\/em>. Dann dem Fu\u00dfweg folgen, der hinter dem Zentralen H\u00f6rsaalgeb\u00e4ude Z6 entlangl\u00e4uft.<\/li>\n<li>Linie 144 oder 214: Ausstieg Haltestelle <em>Philosophisches Institut<\/em>, die Kreuzung \u00fcberqueren und direkt in die Stra\u00dfe<br \/>\n<em>Am Hubland<\/em> einbiegen. Das erste Geb\u00e4ude auf der linken Seite ist das Zentrale H\u00f6rsaalgeb\u00e4ude Z6.<\/li>\n<\/ul>\n<h3>Anreise mit dem Auto<\/h3>\n<p>Am n\u00e4chstgelegenen ist die Autobahn-Anschlussstelle Rottendorf (AS 72). Von dort fahrt ihr auf der B8 Richtung W\u00fcrzburg. Folgt einfach den Schildern zur Landesgartenschau. Auf der B8 dann die dritte Ausfahrt nehmen und auf der <em>Kitzinger Stra\u00dfe<\/em> weiter. Dann rechts auf die Stra\u00dfe <em>Am Galgenberg<\/em> abbiegen. Weiter bis zur Stra\u00dfe <em>Am Hubland<\/em> auf der linken Seite. Das erste Geb\u00e4ude auf der linken Seite ist das Zentrale H\u00f6rsaalgeb\u00e4ude Z6. F\u00fcr die erste Orientierung taugt die Ausschilderung der Landesgartenschau mit diesem Symbol:\u00a0<img loading=\"lazy\" decoding=\"async\" class=\"alignnone wp-image-882\" src=\"https:\/\/2018.wuerzburg.wordcamp.org\/files\/2018\/08\/Bildschirmfoto-2018-08-03-um-14.24.40.jpg\" alt=\"\" width=\"30\" height=\"27\" \/>. Das Gartenschau Gel\u00e4nde ist unmittelbar gegen\u00fcber von der Hubland-Uni.<\/p>\n<h2><\/h2>\n<div class=\"googlemaps\">\n\t\t\t\t<iframe loading=\"lazy\" width=\"600\" height=\"450\" frameborder=\"0\" scrolling=\"no\" marginheight=\"0\" marginwidth=\"0\"  src=\"https:\/\/www.google.com\/maps\/embed?pb=!1m14!1m8!1m3!1d2576.11086724005!2d9.9662073!3d49.78398!3m2!1i1024!2i768!4f13.1!3m3!1m2!1s0x0:0xbb9a65d5c77743dd!2sZentrales%20H\u00f6rsaal-%20und%20Seminargeb\u00e4ude!5e0!3m2!1sde!2sde!4v1537197912249\"><\/iframe>\n\t\t\t<\/div>\n","protected":false},"excerpt":{"rendered":"<p>Sowohl der Contributor Day am Freitag 21.9. als auch das WordCamp am Samstag 22.9. finden hier statt: Julius-Maximilians-Universit\u00e4t W\u00fcrzburg Zentrales H\u00f6rsaal- und Seminargeb\u00e4ude\u00a0Z6 Am Hubland 97074 W\u00fcrzburg Achtung, W\u00fcrzburg hat drei Universit\u00e4tsgel\u00e4nde, n\u00e4mlich die Alte Uni, die Neue Uni und die Hubland-Uni. Ihr m\u00fcsst zur Hubland-Uni. Anreise mit dem \u00d6PNV Mit der Bahn zum W\u00fcrzburger [&hellip;]<\/p>\n","protected":false},"author":8858106,"featured_media":0,"parent":134,"menu_order":0,"comment_status":"closed","ping_status":"closed","template":"","meta":{"jetpack_post_was_ever_published":false,"footnotes":""},"class_list":["post-11","page","type-page","status-publish","hentry"],"jetpack_sharing_enabled":true,"jetpack_shortlink":"https:\/\/wp.me\/P9nRwW-b","_links":{"self":[{"href":"https:\/\/wuerzburg.wordcamp.org\/2018\/wp-json\/wp\/v2\/pages\/11","targetHints":{"allow":["GET"]}}],"collection":[{"href":"https:\/\/wuerzburg.wordcamp.org\/2018\/wp-json\/wp\/v2\/pages"}],"about":[{"href":"https:\/\/wuerzburg.wordcamp.org\/2018\/wp-json\/wp\/v2\/types\/page"}],"author":[{"embeddable":true,"href":"https:\/\/wuerzburg.wordcamp.org\/2018\/wp-json\/wp\/v2\/users\/8858106"}],"replies":[{"embeddable":true,"href":"https:\/\/wuerzburg.wordcamp.org\/2018\/wp-json\/wp\/v2\/comments?post=11"}],"version-history":[{"count":8,"href":"https:\/\/wuerzburg.wordcamp.org\/2018\/wp-json\/wp\/v2\/pages\/11\/revisions"}],"predecessor-version":[{"id":1252,"href":"https:\/\/wuerzburg.wordcamp.org\/2018\/wp-json\/wp\/v2\/pages\/11\/revisions\/1252"}],"up":[{"embeddable":true,"href":"https:\/\/wuerzburg.wordcamp.org\/2018\/wp-json\/wp\/v2\/pages\/134"}],"wp:attachment":[{"href":"https:\/\/wuerzburg.wordcamp.org\/2018\/wp-json\/wp\/v2\/media?parent=11"}],"curies":[{"name":"wp","href":"https:\/\/api.w.org\/{rel}","templated":true}]}}