{"id":1257,"date":"2018-09-17T17:00:37","date_gmt":"2018-09-17T16:00:37","guid":{"rendered":"https:\/\/2018.wuerzburg.wordcamp.org\/?page_id=1257"},"modified":"2018-09-17T17:00:37","modified_gmt":"2018-09-17T16:00:37","slug":"contributor-day","status":"publish","type":"page","link":"https:\/\/wuerzburg.wordcamp.org\/2018\/info\/contributor-day\/","title":{"rendered":"Contributor Day"},"content":{"rendered":"<p>Es ist guter Brauch, dass zu einem WordCamp auch ein Contributor Day geh\u00f6rt. Wir treffen uns am Freitag 21.9. ab 9:00 Uhr ebenfalls an der Hubland-Uni:<\/p>\n<p><a href=\"http:\/\/www.uni-wuerzburg.de\/\">Julius-Maximilians-Universit\u00e4t W\u00fcrzburg <\/a><br \/>\nZentrales H\u00f6rsaal- und Seminargeb\u00e4ude\u00a0Z6<br \/>\nAm Hubland<br \/>\n97074 W\u00fcrzburg<\/p>\n<p>Erfreulicherweise haben sich im Vorfeld auch schon einige Teilnehmer des Contributor Days &#8211; wir erwarten gut 50 von Euch &#8211; sich bereiterkl\u00e4rt als Team-Lead die Arbeitsgruppen anzuleiten:<\/p>\n<div>\n<ul>\n<li>Robert Windisch und Matthias Kurz: Hoster<\/li>\n<li>Maja Benke: A11y oder Design<\/li>\n<li>Bernhard Kau: Meta<\/li>\n<li>S\u00f6ren Wrede: Core\/Gutenberg<\/li>\n<li>Thomas Br\u00fchl: Community<\/li>\n<li>Birgit Olzem: Diversity<\/li>\n<li>Thorsten Landsiedel: Support<\/li>\n<li>Jessica Lyschik: Polyglots<\/li>\n<li>Carlos Fischer: WordPress.tv<\/li>\n<\/ul>\n<p>Nach der Begr\u00fc\u00dfung werden die Team Leads die Aufgaben der jeweiligen Teams kurz beschreiben. Ihr habt selbstverst\u00e4ndlich die M\u00f6glichkeit auch zwischen den Teams zu wechseln. Wobei wir empfehlen, mindestens einen halben Tag in einem Team zu verbringen. Die Teams selbst sind nicht in Stein gemeisselt. Bei welchselndem Bedarf k\u00f6nnen Teams auch aufgesplitet oder zusammengelegt werden. Oder auch Arbeitsgruppen entstehen, die wir noch gar nicht auf unserem Plan haben.<\/p>\n<p><strong>Hauptsache, Ihr habt Spa\u00df!<\/strong><\/p>\n<\/div>\n","protected":false},"excerpt":{"rendered":"<p>Es ist guter Brauch, dass zu einem WordCamp auch ein Contributor Day geh\u00f6rt. Wir treffen uns am Freitag 21.9. ab 9:00 Uhr ebenfalls an der Hubland-Uni: Julius-Maximilians-Universit\u00e4t W\u00fcrzburg Zentrales H\u00f6rsaal- und Seminargeb\u00e4ude\u00a0Z6 Am Hubland 97074 W\u00fcrzburg Erfreulicherweise haben sich im Vorfeld auch schon einige Teilnehmer des Contributor Days &#8211; wir erwarten gut 50 von Euch [&hellip;]<\/p>\n","protected":false},"author":8858106,"featured_media":0,"parent":134,"menu_order":0,"comment_status":"closed","ping_status":"closed","template":"","meta":{"jetpack_post_was_ever_published":false,"footnotes":""},"class_list":["post-1257","page","type-page","status-publish","hentry"],"jetpack_sharing_enabled":true,"jetpack_shortlink":"https:\/\/wp.me\/P9nRwW-kh","_links":{"self":[{"href":"https:\/\/wuerzburg.wordcamp.org\/2018\/wp-json\/wp\/v2\/pages\/1257","targetHints":{"allow":["GET"]}}],"collection":[{"href":"https:\/\/wuerzburg.wordcamp.org\/2018\/wp-json\/wp\/v2\/pages"}],"about":[{"href":"https:\/\/wuerzburg.wordcamp.org\/2018\/wp-json\/wp\/v2\/types\/page"}],"author":[{"embeddable":true,"href":"https:\/\/wuerzburg.wordcamp.org\/2018\/wp-json\/wp\/v2\/users\/8858106"}],"replies":[{"embeddable":true,"href":"https:\/\/wuerzburg.wordcamp.org\/2018\/wp-json\/wp\/v2\/comments?post=1257"}],"version-history":[{"count":1,"href":"https:\/\/wuerzburg.wordcamp.org\/2018\/wp-json\/wp\/v2\/pages\/1257\/revisions"}],"predecessor-version":[{"id":1258,"href":"https:\/\/wuerzburg.wordcamp.org\/2018\/wp-json\/wp\/v2\/pages\/1257\/revisions\/1258"}],"up":[{"embeddable":true,"href":"https:\/\/wuerzburg.wordcamp.org\/2018\/wp-json\/wp\/v2\/pages\/134"}],"wp:attachment":[{"href":"https:\/\/wuerzburg.wordcamp.org\/2018\/wp-json\/wp\/v2\/media?parent=1257"}],"curies":[{"name":"wp","href":"https:\/\/api.w.org\/{rel}","templated":true}]}}