{"id":131,"date":"2017-11-15T17:16:23","date_gmt":"2017-11-15T16:16:23","guid":{"rendered":"https:\/\/2018.wuerzburg.wordcamp.org\/?page_id=131"},"modified":"2018-07-31T14:29:07","modified_gmt":"2018-07-31T13:29:07","slug":"code-of-conduct","status":"publish","type":"page","link":"https:\/\/wuerzburg.wordcamp.org\/2018\/info\/code-of-conduct\/","title":{"rendered":"Verhaltenskodex"},"content":{"rendered":"<h2>ZIELSETZUNG<\/h2>\n<p>Das WordCamp W\u00fcrzburg hat es sich als ein wichtiges Ziel gesetzt, die gr\u00f6\u00dftm\u00f6gliche Anzahl an Beitragenden mit den vielf\u00e4ltigsten und unterschiedlichsten Hintergr\u00fcnden einzubeziehen. Wir sehen es als unsere Aufgabe, eine freundliche, sichere und einladende Umgebung zu schaffen, unabh\u00e4ngig von Geschlecht, sexueller Orientierung, Bef\u00e4higung oder Behinderung, Herkunft, Religion (oder deren Nichtvorhandensein), gesellschaftlichem oder wirtschaftlichem Status, bevorzugter Technik bei Hard- oder Software.<\/p>\n<p>Dieser Verhaltenskodex umrei\u00dft unsere Erwartungen an alle Beteiligten des WordCamps W\u00fcrzburg, sowie die Konsequenzen f\u00fcr inakzeptables Verhalten. Wir laden alle Sponsoren, Speaker, Volunteers und Teilnehmenden des WordCamps W\u00fcrzburg ein, sichere und positive Erfahrungen f\u00fcr alle mitzugestalten.<\/p>\n<h2>GEMEINSCHAFTBILDENDES ENGAGEMENT<\/h2>\n<p>Ein zus\u00e4tzliches Ziel dieses Verhaltenskodexes ist es, das gemeinschaftbildende Engagement zu st\u00e4rken. Insofern ermutigen wir unsere Teilnehmenden, die Beziehungen zwischen Handlungen und deren Auswirkungen auf unsere Community zu erkennen und zu st\u00e4rken.<\/p>\n<p>Communities spiegeln die Gesellschaften wieder, in denen sie existieren. Positive Handlungen sind unerl\u00e4sslich, um den vielen Formen von Ungleichheit und Machtmissbrauch in der Gesellschaft entgegenzuwirken.<\/p>\n<p>Wenn du Personen begegnest, die sich viel M\u00fche geben, unsere Community einladend und freundlich zu gestalten und alle Teilnehmenden dazu anregt, sich voll einzubringen, w\u00fcrden wir gerne davon h\u00f6ren.<\/p>\n<h2>ERWARTETES VERHALTEN<\/h2>\n<ul>\n<li>Beteilige dich authentisch und aktiv. Leiste damit deinen Beitrag zu einem gelungenen WordCamp W\u00fcrzburg.<\/li>\n<li>Verhalte dich r\u00fccksichts- und respektvoll in Wort und Tat.<\/li>\n<li>Bem\u00fche dich um Zusammenarbeit, damit du Konflikte von Anfang an vermeiden kannst.<\/li>\n<li>Nimm Abstand von erniedrigender, diskriminierender oder bel\u00e4stigender Sprache und Verhalten.<\/li>\n<li>Achte auf deine Umgebung und die anderen Teilnehmenden. Mache die Veranstaltenden oder andere Anwesende darauf aufmerksam, wenn du eine gef\u00e4hrliche Situation, jemanden in Bedr\u00e4ngnis oder Verletzungen dieses Verhaltenskodexes bemerkst, selbst wenn sie zun\u00e4chst belanglos erscheinen.<\/li>\n<\/ul>\n<h2>INAKZEPTABLES VERHALTEN<\/h2>\n<p>Inakzeptable Verhaltensweisen beinhalten: Einsch\u00fcchterung, Bel\u00e4stigung, beleidigende, diskriminierende, abwertende oder erniedrigende Sprache und Verhalten durch jegliche Teilnehmenden w\u00e4hrend des WordCamps. Dies gilt online, auf allen zugeh\u00f6rigen Veranstaltungen und in pers\u00f6nlichen Gespr\u00e4chen im Rahmen unserer Community.<\/p>\n<p>Bel\u00e4stigung beinhaltet: Verletzende oder abwertende m\u00fcndliche oder schriftliche Kommentare in Bezug auf Geschlecht, sexuelle Orientierung, Abstammung, Religion, Behinderung; unangemessene Verwendung von Nacktheit und\/oder sexuellem Bildmaterial an \u00f6ffentlichen Orten (inklusive Pr\u00e4sentationsslides); absichtliche Einsch\u00fcchterung, Stalking oder Nachlaufen; bel\u00e4stigendes Fotografieren oder Filmen; st\u00e4ndige Unterbrechung von Vortr\u00e4gen oder anderen Events; unangemessener K\u00f6rperkontakt und unerw\u00fcnschte sexuelle Zuwendung.<\/p>\n<h2>FOLGEN VON INAKZEPTABLEM VERHALTEN<\/h2>\n<p>Inakzeptables Verhalten jeglicher Community-Mitglieder, einschlie\u00dflich Sponsoren, Speaker, Volunteers, OrgaTeam und Personal des Veranstaltungsortes, wird nicht toleriert. Wird das Unterlassen inakzeptablen Verhaltens verlangt, ist dem augenblicklich Folge zu leisten.<\/p>\n<p>Wenn ein Community-Mitglied sich auf inakzeptable Art und Weise verh\u00e4lt, steht es den Veranstaltenden zu, jegliche ihnen angemessen erscheinende Ma\u00dfnahme zu ergreifen, bis einschlie\u00dflich einem befristeten oder permanenten Ausschluss von der Veranstaltung ohne Vorwarnung und ohne R\u00fcckerstattung von Kosten.<\/p>\n<h2>WENN DU INAKZEPTABLES VERHALTEN ERLEBST<\/h2>\n<p>Wenn du von inakzeptablem Verhalten betroffen bist, dieses beobachtest oder andere Anliegen hast, teile dies bitte so bald wie m\u00f6glich einem Organisator oder einem Volunteer des WordCamps W\u00fcrzburg, der dir einen Kontakt zum OrgaTeam herstellt, mit. Du erkennst das OrgaTeam und die Volunteers an ihren andersfarbigen WordCamp W\u00fcrzburg T-Shirts.<\/p>\n<p>Zus\u00e4tzlich stehen die Veranstaltenden zur Verf\u00fcgung, um Community-Mitgliedern dabei zu helfen, mit den lokalen Ordnungs- und\/oder Strafverfolgungskr\u00e4ften in Kontakt zu treten als auch ihr Sicherheitsgef\u00fchl anderweitig wieder herzustellen.<\/p>\n<p>Eine Meldung kann auch \u00fcber das unten angef\u00fcgte Kontaktformular erfolgen.<\/p>\n<h2>BEHANDLUNG VON BESCHWERDEN<\/h2>\n<p>Wenn du dich zu Unrecht oder auf ungerechte Art und Weise beschuldigt f\u00fchlst, diesen Verhaltenskodex verletzt zu haben, wende dich bitte mit einer genauen Beschreibung deiner Beschwerde an das OrgaTeam des WordCamps W\u00fcrzburg. Deine Beschwerde wird sorgf\u00e4ltig gepr\u00fcft und behandelt werden.<\/p>\n<h2>GELTUNGSBEREICH<\/h2>\n<p>Wir erwarten, dass sich alle Teilnehmenden des WordCamps W\u00fcrzburg an jedweden Veranstaltungsorten des WordCamps\u00a0\u2013 online und offline \u2013 sowie in allen pers\u00f6nlichen Gespr\u00e4chen im Rahmen des WordCamps\u00a0an diesen Verhaltenskodex halten.<\/p>\n<p><a href=\"https:\/\/creativecommons.org\/licenses\/by-sa\/4.0\/\" rel=\"license\"><img decoding=\"async\" src=\"https:\/\/i.creativecommons.org\/l\/by-sa\/4.0\/88x31.png\" alt=\"Creative Commons Lizenzvertrag\" \/><\/a><br \/>\n<em>Verhaltenskodex WordCamp von <a href=\"https:\/\/plan.wordcamp.org\/\" rel=\"cc:attributionURL\">WordPress Community Support, PBC<\/a> ist lizenziert unter einer <a href=\"http:\/\/creativecommons.org\/licenses\/by-sa\/4.0\/\" rel=\"license\">Creative Commons Namensnennung \u2013 Weitergabe unter gleichen Bedingungen 4.0 International Lizenz<\/a>.<\/em><br \/>\n<em>Beruht auf den Werken unter <a href=\"https:\/\/plan.wordcamp.org\/code-of-conduct\/\" rel=\"dct:source\">https:\/\/plan.wordcamp.org\/code-of-conduct\/<\/a>und <a href=\"http:\/\/berlincodeofconduct.org\/de\/\" rel=\"dct:source\">http:\/\/berlincodeofconduct.org\/de\/ <\/a>.<\/em><\/p>\n","protected":false},"excerpt":{"rendered":"<p>ZIELSETZUNG Das WordCamp W\u00fcrzburg hat es sich als ein wichtiges Ziel gesetzt, die gr\u00f6\u00dftm\u00f6gliche Anzahl an Beitragenden mit den vielf\u00e4ltigsten und unterschiedlichsten Hintergr\u00fcnden einzubeziehen. Wir sehen es als unsere Aufgabe, eine freundliche, sichere und einladende Umgebung zu schaffen, unabh\u00e4ngig von Geschlecht, sexueller Orientierung, Bef\u00e4higung oder Behinderung, Herkunft, Religion (oder deren Nichtvorhandensein), gesellschaftlichem oder wirtschaftlichem Status, [&hellip;]<\/p>\n","protected":false},"author":8858106,"featured_media":0,"parent":134,"menu_order":0,"comment_status":"closed","ping_status":"closed","template":"","meta":{"jetpack_post_was_ever_published":false,"footnotes":""},"class_list":["post-131","page","type-page","status-publish","hentry"],"jetpack_sharing_enabled":true,"jetpack_shortlink":"https:\/\/wp.me\/P9nRwW-27","_links":{"self":[{"href":"https:\/\/wuerzburg.wordcamp.org\/2018\/wp-json\/wp\/v2\/pages\/131","targetHints":{"allow":["GET"]}}],"collection":[{"href":"https:\/\/wuerzburg.wordcamp.org\/2018\/wp-json\/wp\/v2\/pages"}],"about":[{"href":"https:\/\/wuerzburg.wordcamp.org\/2018\/wp-json\/wp\/v2\/types\/page"}],"author":[{"embeddable":true,"href":"https:\/\/wuerzburg.wordcamp.org\/2018\/wp-json\/wp\/v2\/users\/8858106"}],"replies":[{"embeddable":true,"href":"https:\/\/wuerzburg.wordcamp.org\/2018\/wp-json\/wp\/v2\/comments?post=131"}],"version-history":[{"count":1,"href":"https:\/\/wuerzburg.wordcamp.org\/2018\/wp-json\/wp\/v2\/pages\/131\/revisions"}],"predecessor-version":[{"id":132,"href":"https:\/\/wuerzburg.wordcamp.org\/2018\/wp-json\/wp\/v2\/pages\/131\/revisions\/132"}],"up":[{"embeddable":true,"href":"https:\/\/wuerzburg.wordcamp.org\/2018\/wp-json\/wp\/v2\/pages\/134"}],"wp:attachment":[{"href":"https:\/\/wuerzburg.wordcamp.org\/2018\/wp-json\/wp\/v2\/media?parent=131"}],"curies":[{"name":"wp","href":"https:\/\/api.w.org\/{rel}","templated":true}]}}