{"id":134,"date":"2017-11-15T17:22:20","date_gmt":"2017-11-15T17:22:20","guid":{"rendered":"https:\/\/2018.wuerzburg.wordcamp.org\/?page_id=134"},"modified":"2018-09-22T11:46:23","modified_gmt":"2018-09-22T10:46:23","slug":"info","status":"publish","type":"page","link":"https:\/\/wuerzburg.wordcamp.org\/2018\/","title":{"rendered":"Info"},"content":{"rendered":"<h3>Herzlich Willkommen zum WordCamp W\u00fcrzburg 2018<\/h3>\n<p>Das WordCamp W\u00fcrzburg findet am 22. September 2018 an der Uni W\u00fcrzburg statt.<\/p>\n<p><a href=\"http:\/\/www.uni-wuerzburg.de\/\">Julius-Maximilians-Universit\u00e4t W\u00fcrzburg <\/a><br \/>\nZentrales H\u00f6rsaal- und Seminargeb\u00e4ude\u00a0Z6<br \/>\nAm Hubland<br \/>\n97074 W\u00fcrzburg<\/p>\n<p><a href=\"https:\/\/2018.wuerzburg.wordcamp.org\/info\/location\/\">Mehr Info zur Location<\/a><\/p>\n<h3>WAS IST WORDPRESS?<\/h3>\n<p><a href=\"http:\/\/de.wordpress.org\/\">WordPress<\/a> ist eine Web-Software, mit der du moderne Internetpr\u00e4senzen, Websites, Blogs und Online-Shops umsetzen kannst. Es ist freie Software, die du kostenlos nutzen darfst und zu deren Qualit\u00e4t du jederzeit <a href=\"https:\/\/de.wordpress.org\/mitwirken\/\">beitragen<\/a> kannst, wenn du m\u00f6chtest. Mit WordPress werden mittlerweile \u00fcber 75 Millionen Websites betrieben und es ist damit das f\u00fchrende Open Source Content-Management-System.<\/p>\n<h3>WAS IST EIN WORDCAMP?<\/h3>\n<p>Ein WordCamp ist eine Konferenz, die sich auf alle Themen rund um WordPress konzentriert. WordCamps sind informelle Community-Veranstaltungen, die durch WordPress-Nutzer organisiert werden. Jeder vom Einsteiger bis zum Core-Entwickler kann teilnehmen, neues lernen, Ideen austauschen und Gleichgesinnte kennenlernen.<\/p>\n<p>Wir veranstalten am Samstag, 22. September in der Uni W\u00fcrzburg das WordCamp W\u00fcrzburg 2018, zu dem wir uns auf rund 100 Teilnehmer aus dem In- und Ausland freuen. Ganz besonders freuen wir uns auf Teilnehmer aus der Region, die bislang noch nie an einem WordCamp teilgenommen haben!<\/p>\n<h3>WAS IST EIN BARCAMP?<\/h3>\n<p>Wir haben\u00a0an dem einen Tag Platz f\u00fcr 28\u00a0Sessions in 4 R\u00e4umen. Eine Session ist 45 Minuten lang, inklusive Fragen und Antworten. Und wie bei einem BarCamp \u00fcblich, seid Ihr nach der Vorstellungsrunde gefragt Eure Sessions anzubieten. Wir sind uns aber sicher, dass f\u00fcr alle Teilnehmer interessante Themen dabei sein werden\u00a0\u2013\u00a0vom Anf\u00e4nger bis zum Profi. Es sind sowohl Vortr\u00e4ge, kurze Lightning Talks, Workshops (bitte vorher um R\u00fccksprache bez\u00fcglich der Dauer), Diskussionsrunden, etc. m\u00f6glich. Die Einhaltung der\u00a0WordCamp <a href=\"https:\/\/2018.wuerzburg.wordcamp.org\/info\/richtlinien\/\">Richtlinien<\/a> und des <a href=\"https:\/\/2018.wuerzburg.wordcamp.org\/info\/code-of-conduct\/\">Verhaltenskodex<\/a>\u00a0sollte dabei f\u00fcr alle selbstverst\u00e4ndlich sein.<\/p>\n<h3>WAS IST EIN CONTRIBUTOR DAY?<\/h3>\n<p>Der Contributor Day ist ein integeraler Bestandteil eines WordCamps, bei dem wir versuchen, in den verschiedensten Bereichen einen Beitrag zum WordPress Open Source Projekt zu leisten.<\/p>\n<p>Dabei kann jeder helfen. Nicht nur durch eine eventuelle Mitarbeit am Core, sondern auch z.B. als Teil des Theme-Review-Teams, bei der \u00dcbersetzung von Plugins und Themes, im Support f\u00fcr WordPress-Nutzer oder in der Organisation der WordPress-Community. F\u00fcr eine Teilnahme am Contributor-Day sind daher keine Programmierkenntnisse n\u00f6tig. Erforderlich ist nur der Wille, sich f\u00fcr das WordPress-Projekt und die WordPress-Community einzusetzen.\u00a0 Und wir sind uns sicher: auch du wirst auf dem Contributor Day eine spannende Aufgabe finden und erleben, wieviel Spa\u00df es machen kann, aktiv an WordPress mitzuwirken und dadurch der Community ein St\u00fcck zur\u00fcck zu geben.<\/p>\n<p>Der Contributor Day findet einen Tag vor dem WordCamp am Freitag 21. September 2018, ebenfalls in den R\u00e4umlichkeiten der Uni W\u00fcrzburg, statt.<\/p>\n<h3>UND SONST SO?<\/h3>\n<p>WordCamp hei\u00dft immer auch: Treffen, Wiedersehen und gegenseitiger Austausch.<\/p>\n<p>Damit wir hierzu mehr M\u00f6glichkeiten finden, treffen wir uns am Freitag Abend zu einem WarmUp. Und auch f\u00fcr den Samstagabend haben wir uns etwas \u00fcberlegt.\u00a0 Alle Details dazu ver\u00f6ffentlichen wir auf unserer Website als Blogbeitr\u00e4ge unter <a href=\"https:\/\/2018.wuerzburg.wordcamp.org\/neuigkeiten\/\">Neuigkeiten<\/a>. Du kannst aber auch gerne unseren <a href=\"https:\/\/2018.wuerzburg.wordcamp.org\/newsletter-abonnieren\/\">Newsletter abonnieren<\/a>, damit du nichts verpasst.<\/p>\n<h3>SPONSOREN UND VOLUNTEERS<\/h3>\n<p>Ein WordCamp ist ohne externe Unterst\u00fctzung nicht m\u00f6glich. Falls auch du das WordCamp W\u00fcrzburg als <a href=\"https:\/\/2018.wuerzburg.wordcamp.org\/call-for-volunteers\/\">freiwilliger Helfer<\/a>\u00a0oder gar in Form eines <a href=\"https:\/\/2018.wuerzburg.wordcamp.org\/sponsoren\/call-for-sponsors\/\">Sponsoring<\/a>\u00a0unterst\u00fctzen m\u00f6chtest, dann freuen wir uns \u00fcber eine Nachricht\u00a0von dir.<\/p>\n<p><strong>Wir sehen uns beim WordCamp W\u00fcrzburg am 22. September!<\/strong><\/p>\n<p>Dein\u00a0WordCamp W\u00fcrzburg 2018\u00a0<a title=\"Orga-Team\" href=\"https:\/\/2018.wuerzburg.wordcamp.org\/info\/organizers\/\">Orga-Team<\/a><\/p>\n<p>&nbsp;<\/p>\n<p>Folge uns via: <a href=\"https:\/\/twitter.com\/wordcampwue\">Twitter<\/a> \u2022 <a href=\"https:\/\/www.facebook.com\/WordCampWue\">FaceBook<\/a> \u2022 <a href=\"https:\/\/plus.google.com\/b\/113239014662054980740\/113239014662054980740\/posts\">Google+<\/a> \u2022 <a title=\"Newsletter\" href=\"https:\/\/2018.wuerzburg.wordcamp.org\/kontakt\/newsletter\/\">Newsletter<\/a><\/p>\n","protected":false},"excerpt":{"rendered":"<p>Herzlich Willkommen zum WordCamp W\u00fcrzburg 2018 Das WordCamp W\u00fcrzburg findet am 22. September 2018 an der Uni W\u00fcrzburg statt. Julius-Maximilians-Universit\u00e4t W\u00fcrzburg Zentrales H\u00f6rsaal- und Seminargeb\u00e4ude\u00a0Z6 Am Hubland 97074 W\u00fcrzburg Mehr Info zur Location WAS IST WORDPRESS? WordPress ist eine Web-Software, mit der du moderne Internetpr\u00e4senzen, Websites, Blogs und Online-Shops umsetzen kannst. Es ist freie Software, [&hellip;]<\/p>\n","protected":false},"author":8858106,"featured_media":0,"parent":0,"menu_order":0,"comment_status":"closed","ping_status":"closed","template":"templates\/page-full-width.php","meta":{"jetpack_post_was_ever_published":false,"footnotes":""},"class_list":["post-134","page","type-page","status-publish","hentry"],"jetpack_sharing_enabled":true,"jetpack_shortlink":"https:\/\/wp.me\/P9nRwW-2a","_links":{"self":[{"href":"https:\/\/wuerzburg.wordcamp.org\/2018\/wp-json\/wp\/v2\/pages\/134","targetHints":{"allow":["GET"]}}],"collection":[{"href":"https:\/\/wuerzburg.wordcamp.org\/2018\/wp-json\/wp\/v2\/pages"}],"about":[{"href":"https:\/\/wuerzburg.wordcamp.org\/2018\/wp-json\/wp\/v2\/types\/page"}],"author":[{"embeddable":true,"href":"https:\/\/wuerzburg.wordcamp.org\/2018\/wp-json\/wp\/v2\/users\/8858106"}],"replies":[{"embeddable":true,"href":"https:\/\/wuerzburg.wordcamp.org\/2018\/wp-json\/wp\/v2\/comments?post=134"}],"version-history":[{"count":17,"href":"https:\/\/wuerzburg.wordcamp.org\/2018\/wp-json\/wp\/v2\/pages\/134\/revisions"}],"predecessor-version":[{"id":1514,"href":"https:\/\/wuerzburg.wordcamp.org\/2018\/wp-json\/wp\/v2\/pages\/134\/revisions\/1514"}],"wp:attachment":[{"href":"https:\/\/wuerzburg.wordcamp.org\/2018\/wp-json\/wp\/v2\/media?parent=134"}],"curies":[{"name":"wp","href":"https:\/\/api.w.org\/{rel}","templated":true}]}}