{"id":498,"date":"2018-05-18T10:38:10","date_gmt":"2018-05-18T09:38:10","guid":{"rendered":"https:\/\/2018.wuerzburg.wordcamp.org\/?page_id=498"},"modified":"2018-09-17T11:02:28","modified_gmt":"2018-09-17T10:02:28","slug":"call-for-volunteers","status":"publish","type":"page","link":"https:\/\/wuerzburg.wordcamp.org\/2018\/call-for-volunteers\/","title":{"rendered":"Call for Volunteers"},"content":{"rendered":"<p>Neben etwas Budget braucht es auch ein paar fleissige H\u00e4nde um ein WordCamp erfolgreich zu machen.<\/p>\n<p><strong>Konkret suchen wir:<\/strong><\/p>\n<p>2 \u00a0Leute, als <strong>MC<\/strong>, die Vortragss\u00e4le betreuen, als Ansprechpartner f\u00fcr die Speaker zur Verf\u00fcgung stehen, Mikros verwalten, die Zeit bei den Vortr\u00e4gen im Auge behalten. Dein Benefit: Du bekommst sicher die Vortr\u00e4ge in diesem Saal mit (mit anderen tauschen ist erlaubt \ud83d\ude09 )<\/p>\n<p>Wenn Du eine Aufgabe f\u00fcr Dich erkennst, freuen wir uns dich im Team begr\u00fc\u00dfen zu d\u00fcrfen. Wir versuchen Deinen Wunsch f\u00fcr den Einsatzbereich bestm\u00f6glich zu ber\u00fccksichtigen, k\u00f6nnen aber nicht garantieren, dass Du auf der gew\u00fcnschten Position eingesetzt wird.\u00a0Einen gemeinsamen Anreiz haben wir f\u00fcr alle Volunteers: Du bekommst ein kostenloses Ticket f\u00fcr die Veranstaltung. Bitte melde dich schnell an, damit wir dir noch vor dem Start des Ticketverkaufs Dir einen entsprechenden Gutschein zu kommen lassen k\u00f6nnen.<\/p>\n<p>&nbsp;<\/p>\n<div data-test='contact-form'\n\t\t\tid='contact-form-498'\n\t\t\tclass='wp-block-jetpack-contact-form-container '\n\t\t\tdata-wp-interactive='jetpack\/form' data-wp-context='{\"formId\":\"498\",\"formHash\":\"211a55b8acf414105cb138bf2967ae5ce03ce988\",\"showErrors\":false,\"errors\":[],\"fields\":[],\"isMultiStep\":false,\"useAjax\":true,\"submissionData\":null,\"formattedSubmissionData\":[],\"submissionSuccess\":false,\"submissionError\":null,\"elementId\":\"jp-form-211a55b8acf414105cb138bf2967ae5ce03ce988\",\"isSingleInputForm\":false}'\n\t\t\tdata-wp-watch--scroll-to-wrapper=\"callbacks.scrollToWrapper\"\n\t\t>\n<div class=\"contact-form-submission contact-form-ajax-submission\" data-wp-bind--aria-hidden=\"state.isSuccessMessageAriaHidden\" data-wp-class--submission-success=\"context.submissionSuccess\" id=\"contact-form-success-211a55b8acf414105cb138bf2967ae5ce03ce988\" tabindex=\"-1\" aria-labelledby=\"contact-form-success-header-211a55b8acf414105cb138bf2967ae5ce03ce988\"><p class=\"go-back-message\"><a class=\"link\" role=\"button\" tabindex=\"0\" data-wp-on--click=\"actions.goBack\" href=\"\/2018\/wp-json\/wp\/v2\/pages\/498\">\u2190 Back<\/a><\/p><h4 data-wp-bind--aria-hidden=\"state.isSuccessMessageAriaHidden\" id=\"contact-form-success-header-211a55b8acf414105cb138bf2967ae5ce03ce988\">Deine Nachricht wurde gesendet<\/h4>\n\n<template data-wp-each--submission=\"context.formattedSubmissionData\">\n\t\t\t\t\t<div class=\"jetpack_forms_contact-form-success-summary\">\n\t\t\t\t\t\t<div class=\"field-name\" data-wp-text=\"context.submission.label\" data-wp-bind--hidden=\"!context.submission.label\"><\/div>\n\t\t\t\t\t\t<div class=\"field-value\" data-wp-text=\"context.submission.value\" data-wp-bind--hidden=\"!context.submission.showPlainValue\"><\/div>\n\t\t\t\t\t\t<a class=\"field-url\" data-wp-bind--href=\"context.submission.url\" data-wp-text=\"context.submission.value\" data-wp-bind--hidden=\"!context.submission.url\" target=\"_blank\" rel=\"noopener noreferrer\"><\/a>\n\t\t\t\t\t\t<div class=\"field-rating\" data-wp-bind--hidden=\"!context.submission.rating\" data-wp-watch=\"callbacks.watchRatingIcons\"><\/div>\n\t\t\t\t\t\t<div class=\"field-images\" data-wp-bind--hidden=\"!context.submission.images\">\n\t\t\t\t\t\t\t<template data-wp-each--image=\"context.submission.images\">\n\t\t\t\t\t\t\t\t<div class=\"field-image-option\" data-wp-class--is-empty=\"!context.image.src\">\n\t\t\t\t\t\t\t\t\t<figure class=\"field-image-option__image\" data-wp-class--is-empty=\"!context.image.src\">\n\t\t\t\t\t\t\t\t\t\t<img data-wp-bind--src=\"context.image.src\" data-wp-bind--hidden=\"!context.image.src\" \/>\n\t\t\t\t\t\t\t\t\t\t<img decoding=\"async\" src=\"data:image\/gif;base64,R0lGODlhAQABAAD\/ACwAAAAAAQABAAACADs=\" data-wp-bind--hidden=\"context.image.src\" \/>\n\t\t\t\t\t\t\t\t\t<\/figure>\n\t\t\t\t\t\t\t\t\t<div class=\"field-image-option__label-wrapper\">\n\t\t\t\t\t\t\t\t\t\t<span class=\"field-image-option__label-code\" data-wp-text=\"context.image.letterCode\"><\/span>\n\t\t\t\t\t\t\t\t\t\t<span class=\"field-image-option__label\" data-wp-text=\"context.image.label\" data-wp-bind--hidden=\"!context.image.label\"><\/span>\n\t\t\t\t\t\t\t\t\t<\/div>\n\t\t\t\t\t\t\t\t<\/div>\n\t\t\t\t\t\t\t<\/template>\n\t\t\t\t\t\t<\/div>\n\t\t\t\t\t\t<div class=\"field-files\" data-wp-bind--hidden=\"!context.submission.files\">\n\t\t\t\t\t\t\t<template data-wp-each--file=\"context.submission.files\">\n\t\t\t\t\t\t\t\t<div class=\"field-file\">\n\t\t\t\t\t\t\t\t\t<div class=\"field-file__thumbnail\" data-wp-style--background-image=\"context.file.previewUrl\" data-wp-style--mask-image=\"context.file.iconUrl\" data-wp-bind--hidden=\"!context.file.hasPreview\"><\/div>\n\t\t\t\t\t\t\t\t\t<svg class=\"field-file__icon\" data-wp-bind--hidden=\"context.file.hasPreview\" width=\"20\" height=\"20\" viewBox=\"0 0 24 24\" fill=\"none\" xmlns=\"http:\/\/www.w3.org\/2000\/svg\" aria-hidden=\"true\">\n\t\t\t\t\t\t\t\t\t\t<path d=\"M14 2H6C4.9 2 4 2.9 4 4V20C4 21.1 4.89 22 5.99 22H18C19.1 22 20 21.1 20 20V8L14 2ZM18 20H6V4H13V9H18V20Z\" fill=\"currentColor\"\/>\n\t\t\t\t\t\t\t\t\t<\/svg>\n\t\t\t\t\t\t\t\t\t<span class=\"field-file__name\" data-wp-text=\"context.file.name\"><\/span>\n\t\t\t\t\t\t\t\t\t<span class=\"field-file__size\" data-wp-text=\"context.file.size\"><\/span>\n\t\t\t\t\t\t\t\t<\/div>\n\t\t\t\t\t\t\t<\/template>\n\t\t\t\t\t\t<\/div>\n\t\t\t\t\t<\/div>\n\t\t\t\t<\/template><\/div><form action='https:\/\/wuerzburg.wordcamp.org\/2018\/call-for-volunteers\/'\n\t\t\t\tid='jp-form-211a55b8acf414105cb138bf2967ae5ce03ce988'\n\t\t\t\tmethod='post'\n\t\t\t\tclass='contact-form commentsblock' aria-label=\"Call for Volunteers\"\n\t\t\t\tdata-wp-on--submit=\"actions.onFormSubmit\"\n\t\t\t\tdata-wp-on--reset=\"actions.onFormReset\"\n\t\t\t\tdata-wp-class--submission-success=\"context.submissionSuccess\"\n\t\t\t\tdata-wp-class--is-first-step=\"state.isFirstStep\"\n\t\t\t\tdata-wp-class--is-last-step=\"state.isLastStep\"\n\t\t\t\tdata-wp-class--is-ajax-form=\"context.useAjax\"\n\t\t\t\tnovalidate >\n<input type='hidden' name='jetpack_contact_form_jwt' value='eyJ0eXAiOiJKV1QiLCJhbGciOiJIUzI1NiJ9.eyJlbmNyeXB0ZWRfYXR0cmlidXRlcyI6IjNpT3dRWUMvcEhTZHFVNVh0SVczTm5NR1hxbyswQ2FESnNzQ25ZUWlXMkc3a1hOLzM0ZGZmMUZ5YllTYWlrQkxPeWZHQldVdXdtcGhyTkdBc2ZFZ01aUGtoWnFrc1VNbGhBdEFZQkxCY01xVkZUaERQMURGdTlNVG1DeEhXT2ZyRUZua2dyMitRdngyOTU0RkhqcVprY09CeUZDZWppSnNXVGU3U1pRUEpoWFlCZUJFNmg0SXJkWkdFMFBsQXM0bmZWRWZsWkJma25yVnpKbkJ4bDB1YWt1TTd2ZlZaTzNPNWtINjRtVFNKV0gwNithQXZUY2pPUzhNRGVMTGtmZmw2RGtaRXpDTkF1TWpTcmVIcThwL1hmQ0ZuWU03MVZNM2ZISCtWYUZ0ZlpEOXR5SGlpQWZ1WmZCRXNEck43SUtOdUFTNW5uUE41OEhWdC9CTGZrdXN6Q3Zaa2h3M01PRks5STRJN0liZHJ3a1lYV2RYNnZScEJxZzBYemIrb2RHWmt3YVd2b201NHpIZ2NYbklXazRhUmh4a3lBaEttM000RWxuUTlGc2xUR0t0c1EzK3liRlYzRkYwcElBMGc4NzNSL2lWU1h5REZpSzZKYVdoSWFaVTRocm1vSC9HaXg3TnhsVkI1YWNEUW80eEdwTVVaTXk4T2VVc2w5dWF3eFloN0RzendSdUc1YklyeW91NDJCNXlEc1RTekUvN3E1MW1obXdSenFCT3B3K1dJQUFSSFlJK21QdkpONGp6NlFoalp0Y1NwcjdGRk9ZR2NyWGl3TjdjYnNxeHBnZXI0VFVOeGU0dVY3TUtYZ0RsSmpodFVRTTkwemQxc1IyTmwwZ3RxN0YvQ1VVaE9DMTRHK2FiNVIxcEk1c1h2dlFwNUxYOHcySWtQSUc3Vmllb05HRWI5Skl1M2NSVExUK3JJenZIWUFmRUJUVEZzV2tDTHhIbHc4RFNCT3g5VlBybG1mSXByb0c0OTluTTAyODMxSDNWeHYyamhFaG5RSFJLRk91RmhDV21rb2ZRbFk0MUV3SDNvVnNPT0tvVUJXY2JaemZaTHZ0Tk9mUkt6RVJVN29nV0dUZ0pRWFF0RWNUVFVYa0xCRGxBdlJ1UThKeXNvMTRNMDJtYU1pRVI5VS85anRnaHd1OExrMHlFSkZNazBxWFhSNHV3Zndmb0c2VUR0RjcxbTFONE9tc3RUWVJ4eDJ3eWx3MUtoazRta0E9PSIsImNvbnRlbnQiOiJbY29udGFjdC1maWVsZCBsYWJlbD1cIk5hbWVcIiB0eXBlPVwibmFtZVwiIHJlcXVpcmVkPVwiMVwiXVtjb250YWN0LWZpZWxkIGxhYmVsPVwiRS1NYWlsIFwiIHR5cGU9XCJlbWFpbFwiIHJlcXVpcmVkPVwiMVwiXVtjb250YWN0LWZpZWxkIGxhYmVsPVwiU29uc3Qgbm9jaCBldHdhcywgZGFzcyBEdSB1bnMgbWl0dGVpbGVuIG1cdTAwZjZjaHRlc3Q_XCIgdHlwZT1cInRleHRhcmVhXCJdIiwiaGFzaCI6IjIxMWE1NWI4YWNmNDE0MTA1Y2IxMzhiZjI5NjdhZTVjZTAzY2U5ODgiLCJzb3VyY2UiOnsiZW50cnlfdGl0bGUiOiJDYWxsIGZvciBWb2x1bnRlZXJzIiwiZW50cnlfcGFnZSI6MSwic291cmNlX2lkIjo0OTgsInNvdXJjZV90eXBlIjoic2luZ2xlIiwicmVxdWVzdF91cmwiOiJodHRwczovL3d1ZXJ6YnVyZy53b3JkY2FtcC5vcmcvMjAxOC93cC1qc29uL3dwL3YyL3BhZ2VzLzQ5OCJ9LCJ2ZXJzaW9uIjoyLCJjaXBoZXIiOiJhZXMtMjU2LWdjbSJ9.olEt0f13d0c39Osv7R90OTx6zp5zgMu5MM8UqdHuXL0' \/>\n\n<div style=\"\"  data-wp-interactive=\"jetpack\/form\" data-wp-context='{\"fieldId\":\"g498-name\",\"fieldType\":\"name\",\"fieldLabel\":\"Name\",\"fieldValue\":\"\",\"fieldPlaceholder\":\"\",\"fieldIsRequired\":\"1\",\"fieldErrorMessage\":\"\",\"fieldExtra\":[],\"formHash\":\"211a55b8acf414105cb138bf2967ae5ce03ce988\"}'  class='grunion-field-name-wrap grunion-field-wrap'  data-wp-init='callbacks.initializeField' data-wp-on--jetpack-form-reset='callbacks.initializeField' >\n<label\n\t\t\t\tfor='g498-name' class=\"grunion-field-label name\" >Name<span class=\"grunion-label-required\" aria-hidden=\"true\">(erforderlich)<\/span><\/label>\n<input\n\t\t\t\t\ttype='text'\n\t\t\t\t\tname='g498-name'\n\t\t\t\t\tid='g498-name'\n\t\t\t\t\tvalue=''\n\n\t\t\t\t\tdata-wp-bind--aria-invalid='state.fieldAriaInvalid'\n\t\t\t\t\tdata-wp-bind--value='state.getFieldValue'\n\t\t\t\t\taria-describedby='g498-name-text-error-message'\n\t\t\t\t\tdata-wp-on--input='actions.onFieldChange'\n\t\t\t\t\tdata-wp-on--blur='actions.onFieldBlur'\n\t\t\t\t\tdata-wp-class--has-value='state.hasFieldValue'\n\n\t\t\t\t\tclass='name  grunion-field' \n\t\t\t\t\trequired='true' aria-required='true'  \/>\n \n\t\t\t<div id=\"g498-name-text-error\" class=\"contact-form__input-error\" data-wp-class--has-errors=\"state.fieldHasErrors\">\n\t\t\t\t<span class=\"contact-form__warning-icon\" aria-hidden=\"true\">\n\t\t\t\t\t<svg width=\"16\" height=\"16\" viewBox=\"0 0 16 16\" fill=\"none\" xmlns=\"http:\/\/www.w3.org\/2000\/svg\">\n\t\t\t\t\t\t<path d=\"M8.50015 11.6402H7.50015V10.6402H8.50015V11.6402Z\" \/>\n\t\t\t\t\t\t<path d=\"M7.50015 9.64018H8.50015V6.30684H7.50015V9.64018Z\" \/>\n\t\t\t\t\t\t<path fill-rule=\"evenodd\" clip-rule=\"evenodd\" d=\"M6.98331 3.0947C7.42933 2.30177 8.57096 2.30177 9.01698 3.09469L13.8771 11.7349C14.3145 12.5126 13.7525 13.4735 12.8602 13.4735H3.14004C2.24774 13.4735 1.68575 12.5126 2.12321 11.7349L6.98331 3.0947ZM8.14541 3.58496C8.08169 3.47168 7.9186 3.47168 7.85488 3.58496L2.99478 12.2251C2.93229 12.3362 3.01257 12.4735 3.14004 12.4735H12.8602C12.9877 12.4735 13.068 12.3362 13.0055 12.2251L8.14541 3.58496Z\" \/>\n\t\t\t\t\t<\/svg>\n\t\t\t\t<\/span>\n\t\t\t\t<span data-wp-text=\"state.errorMessage\" id=\"g498-name-text-error-message\"><\/span>\n\t\t\t<\/div> \n\t<\/div>\n\n<div style=\"\"  data-wp-interactive=\"jetpack\/form\" data-wp-context='{\"fieldId\":\"g498-email\",\"fieldType\":\"email\",\"fieldLabel\":\"E-Mail \",\"fieldValue\":\"\",\"fieldPlaceholder\":\"\",\"fieldIsRequired\":\"1\",\"fieldErrorMessage\":\"\",\"fieldExtra\":[],\"formHash\":\"211a55b8acf414105cb138bf2967ae5ce03ce988\"}'  class='grunion-field-email-wrap grunion-field-wrap'  data-wp-init='callbacks.initializeField' data-wp-on--jetpack-form-reset='callbacks.initializeField' >\n<label\n\t\t\t\tfor='g498-email' class=\"grunion-field-label email\" >E-Mail <span class=\"grunion-label-required\" aria-hidden=\"true\">(erforderlich)<\/span><\/label>\n<input\n\t\t\t\t\ttype='email'\n\t\t\t\t\tname='g498-email'\n\t\t\t\t\tid='g498-email'\n\t\t\t\t\tvalue=''\n\n\t\t\t\t\tdata-wp-bind--aria-invalid='state.fieldAriaInvalid'\n\t\t\t\t\tdata-wp-bind--value='state.getFieldValue'\n\t\t\t\t\taria-describedby='g498-email-email-error-message'\n\t\t\t\t\tdata-wp-on--input='actions.onFieldChange'\n\t\t\t\t\tdata-wp-on--blur='actions.onFieldBlur'\n\t\t\t\t\tdata-wp-class--has-value='state.hasFieldValue'\n\n\t\t\t\t\tclass='email  grunion-field' \n\t\t\t\t\trequired='true' aria-required='true'  \/>\n \n\t\t\t<div id=\"g498-email-email-error\" class=\"contact-form__input-error\" data-wp-class--has-errors=\"state.fieldHasErrors\">\n\t\t\t\t<span class=\"contact-form__warning-icon\" aria-hidden=\"true\">\n\t\t\t\t\t<svg width=\"16\" height=\"16\" viewBox=\"0 0 16 16\" fill=\"none\" xmlns=\"http:\/\/www.w3.org\/2000\/svg\">\n\t\t\t\t\t\t<path d=\"M8.50015 11.6402H7.50015V10.6402H8.50015V11.6402Z\" \/>\n\t\t\t\t\t\t<path d=\"M7.50015 9.64018H8.50015V6.30684H7.50015V9.64018Z\" \/>\n\t\t\t\t\t\t<path fill-rule=\"evenodd\" clip-rule=\"evenodd\" d=\"M6.98331 3.0947C7.42933 2.30177 8.57096 2.30177 9.01698 3.09469L13.8771 11.7349C14.3145 12.5126 13.7525 13.4735 12.8602 13.4735H3.14004C2.24774 13.4735 1.68575 12.5126 2.12321 11.7349L6.98331 3.0947ZM8.14541 3.58496C8.08169 3.47168 7.9186 3.47168 7.85488 3.58496L2.99478 12.2251C2.93229 12.3362 3.01257 12.4735 3.14004 12.4735H12.8602C12.9877 12.4735 13.068 12.3362 13.0055 12.2251L8.14541 3.58496Z\" \/>\n\t\t\t\t\t<\/svg>\n\t\t\t\t<\/span>\n\t\t\t\t<span data-wp-text=\"state.errorMessage\" id=\"g498-email-email-error-message\"><\/span>\n\t\t\t<\/div> \n\t<\/div>\n\n<div style=\"\"  data-wp-interactive=\"jetpack\/form\" data-wp-context='{\"fieldId\":\"g498-sonstnochetwasdassduunsmitteilenmchtest\",\"fieldType\":\"textarea\",\"fieldLabel\":\"Sonst noch etwas, dass Du uns mitteilen m\\u00f6chtest?\",\"fieldValue\":\"\",\"fieldPlaceholder\":\"\",\"fieldIsRequired\":\"\",\"fieldErrorMessage\":\"\",\"fieldExtra\":[],\"formHash\":\"211a55b8acf414105cb138bf2967ae5ce03ce988\"}'  class='grunion-field-textarea-wrap grunion-field-wrap'  data-wp-init='callbacks.initializeField' data-wp-on--jetpack-form-reset='callbacks.initializeField' >\n<label\n\t\t\t\tfor='contact-form-comment-g498-sonstnochetwasdassduunsmitteilenmchtest' class=\"grunion-field-label textarea\" >Sonst noch etwas, dass Du uns mitteilen m\u00f6chtest?<\/label>\n<textarea\n\t\t                style=''\n\t\t                name='g498-sonstnochetwasdassduunsmitteilenmchtest'\n\t\t                id='contact-form-comment-g498-sonstnochetwasdassduunsmitteilenmchtest'\n\t\t                rows='20'\n\t\t\t\t\t\tdata-wp-text='state.getFieldValue'\n\t\t\t\t\t\tdata-wp-on--input='actions.onFieldChange'\n\t\t\t\t\t\tdata-wp-on--blur='actions.onFieldBlur'\n\t\t\t\t\t\tdata-wp-class--has-value='state.hasFieldValue'\n\t\t\t\t\t\taria-describedby='g498-sonstnochetwasdassduunsmitteilenmchtest-textarea-error-message'\n\t\t\t\t\t\tdata-wp-bind--aria-invalid='state.fieldAriaInvalid'\n\t\t\t\t\t\tclass='textarea  grunion-field'  ><\/textarea>\n \n\t\t\t<div id=\"g498-sonstnochetwasdassduunsmitteilenmchtest-textarea-error\" class=\"contact-form__input-error\" data-wp-class--has-errors=\"state.fieldHasErrors\">\n\t\t\t\t<span class=\"contact-form__warning-icon\" aria-hidden=\"true\">\n\t\t\t\t\t<svg width=\"16\" height=\"16\" viewBox=\"0 0 16 16\" fill=\"none\" xmlns=\"http:\/\/www.w3.org\/2000\/svg\">\n\t\t\t\t\t\t<path d=\"M8.50015 11.6402H7.50015V10.6402H8.50015V11.6402Z\" \/>\n\t\t\t\t\t\t<path d=\"M7.50015 9.64018H8.50015V6.30684H7.50015V9.64018Z\" \/>\n\t\t\t\t\t\t<path fill-rule=\"evenodd\" clip-rule=\"evenodd\" d=\"M6.98331 3.0947C7.42933 2.30177 8.57096 2.30177 9.01698 3.09469L13.8771 11.7349C14.3145 12.5126 13.7525 13.4735 12.8602 13.4735H3.14004C2.24774 13.4735 1.68575 12.5126 2.12321 11.7349L6.98331 3.0947ZM8.14541 3.58496C8.08169 3.47168 7.9186 3.47168 7.85488 3.58496L2.99478 12.2251C2.93229 12.3362 3.01257 12.4735 3.14004 12.4735H12.8602C12.9877 12.4735 13.068 12.3362 13.0055 12.2251L8.14541 3.58496Z\" \/>\n\t\t\t\t\t<\/svg>\n\t\t\t\t<\/span>\n\t\t\t\t<span data-wp-text=\"state.errorMessage\" id=\"g498-sonstnochetwasdassduunsmitteilenmchtest-textarea-error-message\"><\/span>\n\t\t\t<\/div>\n\t<\/div>\n\t<p class='contact-submit'>\n<div class=\"contact-form__error\" data-wp-class--show-errors=\"state.showFormErrors\"><span class=\"contact-form__warning-icon\" aria-hidden=\"true\"><i><\/i><\/span><span class=\"contact-form__error-message\" tabindex=\"-1\" data-wp-watch=\"callbacks.focusOnValidationError\" data-wp-text=\"state.getFormErrorMessage\"><\/span><ul aria-label=\"Form errors\">\n\t\t\t\t<template data-wp-each=\"state.getErrorList\" data-wp-key=\"context.item.id\">\n\t\t\t\t\t<li><a data-wp-bind--href=\"context.item.anchor\" data-wp-on--click=\"actions.scrollIntoView\" data-wp-text=\"context.item.label\"><\/a><\/li>\n\t\t\t\t<\/template>\n\t\t\t\t<\/ul><\/div><div class=\"contact-form__error\" data-wp-class--show-errors=\"state.showSubmissionError\" data-wp-text=\"context.submissionError\" tabindex=\"-1\" data-wp-watch=\"callbacks.focusOnSubmissionError\"><\/div>\t\t<button type='submit' class='pushbutton-wide'>Senden<\/button>\t\t<input type='hidden' name='contact-form-id' value='498' \/>\n\t\t<input type='hidden' name='action' value='grunion-contact-form' \/>\n\t\t<input type='hidden' name='contact-form-hash' value='211a55b8acf414105cb138bf2967ae5ce03ce988' \/>\n\t<\/p>\n<p style=\"display: none !important;\" class=\"akismet-fields-container\" data-prefix=\"ak_\"><label>&#916;<textarea name=\"ak_hp_textarea\" cols=\"45\" rows=\"8\" maxlength=\"100\"><\/textarea><\/label><input type=\"hidden\" id=\"ak_js_1\" name=\"ak_js\" value=\"184\"\/><script type=\"text\/javascript\">\n\/* <![CDATA[ *\/\ndocument.getElementById( \"ak_js_1\" ).setAttribute( \"value\", ( new Date() ).getTime() );\n\/* ]]> *\/\n<\/script>\n<\/p><\/form>\n<\/div>\n","protected":false},"excerpt":{"rendered":"<p>Neben etwas Budget braucht es auch ein paar fleissige H\u00e4nde um ein WordCamp erfolgreich zu machen. Konkret suchen wir: 2 \u00a0Leute, als MC, die Vortragss\u00e4le betreuen, als Ansprechpartner f\u00fcr die Speaker zur Verf\u00fcgung stehen, Mikros verwalten, die Zeit bei den Vortr\u00e4gen im Auge behalten. Dein Benefit: Du bekommst sicher die Vortr\u00e4ge in diesem Saal mit [&hellip;]<\/p>\n","protected":false},"author":8858106,"featured_media":0,"parent":0,"menu_order":0,"comment_status":"closed","ping_status":"closed","template":"","meta":{"jetpack_post_was_ever_published":false,"footnotes":""},"class_list":["post-498","page","type-page","status-publish","hentry"],"jetpack_sharing_enabled":true,"jetpack_shortlink":"https:\/\/wp.me\/P9nRwW-82","_links":{"self":[{"href":"https:\/\/wuerzburg.wordcamp.org\/2018\/wp-json\/wp\/v2\/pages\/498","targetHints":{"allow":["GET"]}}],"collection":[{"href":"https:\/\/wuerzburg.wordcamp.org\/2018\/wp-json\/wp\/v2\/pages"}],"about":[{"href":"https:\/\/wuerzburg.wordcamp.org\/2018\/wp-json\/wp\/v2\/types\/page"}],"author":[{"embeddable":true,"href":"https:\/\/wuerzburg.wordcamp.org\/2018\/wp-json\/wp\/v2\/users\/8858106"}],"replies":[{"embeddable":true,"href":"https:\/\/wuerzburg.wordcamp.org\/2018\/wp-json\/wp\/v2\/comments?post=498"}],"version-history":[{"count":9,"href":"https:\/\/wuerzburg.wordcamp.org\/2018\/wp-json\/wp\/v2\/pages\/498\/revisions"}],"predecessor-version":[{"id":1176,"href":"https:\/\/wuerzburg.wordcamp.org\/2018\/wp-json\/wp\/v2\/pages\/498\/revisions\/1176"}],"wp:attachment":[{"href":"https:\/\/wuerzburg.wordcamp.org\/2018\/wp-json\/wp\/v2\/media?parent=498"}],"curies":[{"name":"wp","href":"https:\/\/api.w.org\/{rel}","templated":true}]}}